{"id":7967,"date":"2024-06-02T20:25:14","date_gmt":"2024-11-06T11:08:22","guid":{"rendered":"https:\/\/www.aistarg.fi\/product\/figure-skating-dress-kiko-130-140-cm\/"},"modified":"2024-12-02T00:05:24","modified_gmt":"2024-12-01T22:05:24","slug":"figure-skating-dress-kiko-130-140-cm","status":"publish","type":"product","link":"https:\/\/www.aistarg.fi\/en\/product\/figure-skating-dress-kiko-130-140-cm\/","title":{"rendered":"Figure skating dress Kiko, 130-140 cm"},"content":{"rendered":"<p><strong>Figure skating costume Kiko is in size 130-140 cm<\/strong><\/p>\n<p>The simple yet beautiful competition dress Kiko is crowned with a bold and vibrant yellow color. The competition dress features an asymmetrical design, where the cut of the front and back slightly asymmetrical towards the side.<\/p>\n<p>R\u00e4ike\u00e4st\u00e4 verkkokankaasta toteutetut hihat tekev\u00e4t kokonaisuudesta entist\u00e4 mielenkiintoisemman. The skirt is made of double-layer chiffon. The skirt moves lightly and beautifully during skating.<\/p>\n<p>The competition dress features Crystal AB rhinestones. There are approximately 290 rhinestones in total (custom Aistarg Small package).<\/p>\n<p>The competition costume is made from high-quality Italian fabrics and materials. This competition costume is a unique piece, made in Finland at the Aistarg&#8217;s atelier. The figure skating costume was designed by Natalia Komar. Figure skating costume is made in Finland. The competition costume is a one-of-a-kind piece.<\/p>\n<p>The shades of the competition dress may slightly differ from reality.<\/p>\n<p>Skating Dress Detailed Measurements:<br \/>\nCompetition Dress Kiko, Size 139-140 cm<br \/>\nBust: 62\u201365 cm<br \/>\nWaist: 54\u201358 cm<br \/>\nHips: 67\u201370 cm<br \/>\nSleeve Length: 51 cm<br \/>\nGirth (torso circumference): 115\u2013120 cm<\/p>\n","protected":false},"excerpt":{"rendered":"<p>Figure skating costume Kiko is in size 130-140 cm The simple yet beautiful competition dress Kiko is crowned with a bold and vibrant yellow color. The competition dress features an asymmetrical design, where the cut of the front and back slightly asymmetrical towards the side. R\u00e4ike\u00e4st\u00e4 verkkokankaasta toteutetut hihat tekev\u00e4t kokonaisuudesta entist\u00e4 mielenkiintoisemman. The skirt [&hellip;]<\/p>\n","protected":false},"featured_media":7188,"template":"","meta":[],"product_brand":[],"product_cat":[140,165],"product_tag":[],"class_list":{"0":"post-7967","1":"product","2":"type-product","3":"status-publish","4":"has-post-thumbnail","6":"product_cat-costumes","7":"product_cat-figure-skating-costumes","9":"first","10":"outofstock","11":"sale","12":"taxable","13":"shipping-taxable","14":"purchasable","15":"product-type-simple"},"_links":{"self":[{"href":"https:\/\/www.aistarg.fi\/en\/wp-json\/wp\/v2\/product\/7967","targetHints":{"allow":["GET"]}}],"collection":[{"href":"https:\/\/www.aistarg.fi\/en\/wp-json\/wp\/v2\/product"}],"about":[{"href":"https:\/\/www.aistarg.fi\/en\/wp-json\/wp\/v2\/types\/product"}],"version-history":[{"count":0,"href":"https:\/\/www.aistarg.fi\/en\/wp-json\/wp\/v2\/product\/7967\/revisions"}],"wp:featuredmedia":[{"embeddable":true,"href":"https:\/\/www.aistarg.fi\/en\/wp-json\/wp\/v2\/media\/7188"}],"wp:attachment":[{"href":"https:\/\/www.aistarg.fi\/en\/wp-json\/wp\/v2\/media?parent=7967"}],"wp:term":[{"taxonomy":"product_brand","embeddable":true,"href":"https:\/\/www.aistarg.fi\/en\/wp-json\/wp\/v2\/product_brand?post=7967"},{"taxonomy":"product_cat","embeddable":true,"href":"https:\/\/www.aistarg.fi\/en\/wp-json\/wp\/v2\/product_cat?post=7967"},{"taxonomy":"product_tag","embeddable":true,"href":"https:\/\/www.aistarg.fi\/en\/wp-json\/wp\/v2\/product_tag?post=7967"}],"curies":[{"name":"wp","href":"https:\/\/api.w.org\/{rel}","templated":true}]}}