{"id":4717,"date":"2021-03-07T22:40:19","date_gmt":"2022-03-07T19:51:54","guid":{"rendered":"https:\/\/www.aistarg.fi\/product\/rhinestone-navette-neon-violet\/"},"modified":"2025-05-01T00:00:27","modified_gmt":"2025-04-30T21:00:27","slug":"rhinestone-navette-neon-violet","status":"publish","type":"product","link":"https:\/\/www.aistarg.fi\/en\/product\/rhinestone-navette-neon-violet\/","title":{"rendered":"Rhinestone Navette Neon Violet"},"content":{"rendered":"<h2>Rhinestone Navette Neon Violet<\/h2>\n<p>Rhinestone Navette Neon Violet ovat liimattavat Non hotfix strassit. Materiaali on akryyli. Neon strassi antaa kauniisti lis\u00e4 v\u00e4ri\u00e4. Erottuu erityisesti tummilla kankailla.<\/p>\n<p>&nbsp;<\/p>\n<p>Rhinestones are excellent for decorating competition costumes and dresses.<\/p>\n","protected":false},"excerpt":{"rendered":"<p>Rhinestone Navette Neon Violet Rhinestone Navette Neon Violet ovat liimattavat Non hotfix strassit. Materiaali on akryyli. Neon strassi antaa kauniisti lis\u00e4 v\u00e4ri\u00e4. Erottuu erityisesti tummilla kankailla. &nbsp; Rhinestones are excellent for decorating competition costumes and dresses.<\/p>\n","protected":false},"featured_media":2552,"template":"","meta":[],"product_brand":[],"product_cat":[135,136],"product_tag":[],"class_list":{"0":"post-4717","1":"product","2":"type-product","3":"status-publish","4":"has-post-thumbnail","6":"product_cat-aistarg-crystal-rhinestones","7":"product_cat-aistarg-neon-en","9":"first","10":"instock","11":"taxable","12":"shipping-taxable","13":"purchasable","14":"product-type-variable"},"_links":{"self":[{"href":"https:\/\/www.aistarg.fi\/en\/wp-json\/wp\/v2\/product\/4717","targetHints":{"allow":["GET"]}}],"collection":[{"href":"https:\/\/www.aistarg.fi\/en\/wp-json\/wp\/v2\/product"}],"about":[{"href":"https:\/\/www.aistarg.fi\/en\/wp-json\/wp\/v2\/types\/product"}],"version-history":[{"count":0,"href":"https:\/\/www.aistarg.fi\/en\/wp-json\/wp\/v2\/product\/4717\/revisions"}],"wp:featuredmedia":[{"embeddable":true,"href":"https:\/\/www.aistarg.fi\/en\/wp-json\/wp\/v2\/media\/2552"}],"wp:attachment":[{"href":"https:\/\/www.aistarg.fi\/en\/wp-json\/wp\/v2\/media?parent=4717"}],"wp:term":[{"taxonomy":"product_brand","embeddable":true,"href":"https:\/\/www.aistarg.fi\/en\/wp-json\/wp\/v2\/product_brand?post=4717"},{"taxonomy":"product_cat","embeddable":true,"href":"https:\/\/www.aistarg.fi\/en\/wp-json\/wp\/v2\/product_cat?post=4717"},{"taxonomy":"product_tag","embeddable":true,"href":"https:\/\/www.aistarg.fi\/en\/wp-json\/wp\/v2\/product_tag?post=4717"}],"curies":[{"name":"wp","href":"https:\/\/api.w.org\/{rel}","templated":true}]}}